{"id":32043,"date":"2019-10-29T20:16:17","date_gmt":"2019-10-29T20:16:17","guid":{"rendered":"https:\/\/radezain.ee\/measuring\/"},"modified":"2025-03-17T20:36:31","modified_gmt":"2025-03-17T18:36:31","slug":"measuring","status":"publish","type":"page","link":"https:\/\/radezain.ee\/en\/measuring\/","title":{"rendered":"Measurement"},"content":{"rendered":"<div class=\"row\"  id=\"row-728936845\">\n\n\t<div id=\"col-1723824381\" class=\"col medium-6 small-12 large-6\"  >\n\t\t\t\t<div class=\"col-inner\"  >\n\t\t\t\n\t\t\t\n<h2>Necklace sizes<\/h2>\n\t<div class=\"img has-hover x md-x lg-x y md-y lg-y\" id=\"image_200656210\">\n\t\t\t\t\t\t\t\t<div class=\"img-inner dark\" >\n\t\t\t<img loading=\"lazy\" decoding=\"async\" width=\"695\" height=\"899\" src=\"https:\/\/radezain.ee\/wp-content\/uploads\/2018\/11\/M\u00f5\u00f5dud-kaelakee.jpg\" class=\"attachment-large size-large\" alt=\"\" srcset=\"https:\/\/radezain.ee\/wp-content\/uploads\/2018\/11\/M\u00f5\u00f5dud-kaelakee.jpg 695w, https:\/\/radezain.ee\/wp-content\/uploads\/2018\/11\/M\u00f5\u00f5dud-kaelakee-232x300.jpg 232w, https:\/\/radezain.ee\/wp-content\/uploads\/2018\/11\/M\u00f5\u00f5dud-kaelakee-510x660.jpg 510w\" sizes=\"auto, (max-width: 695px) 100vw, 695px\" \/>\t\t\t\t\t\t\n\t\t\t\t\t<\/div>\n\t\t\t\t\t\t\t\t\n<style>\n#image_200656210 {\n  width: 100%;\n}\n<\/style>\n\t<\/div>\n\t\n\t\t<\/div>\n\t\t\t\t\t<\/div>\n\n\t\n\n\t<div id=\"col-1541096581\" class=\"col medium-6 small-12 large-6\"  >\n\t\t\t\t<div class=\"col-inner\"  >\n\t\t\t\n\t\t\t\n<h2>How to measure braselet<\/h2>\n<p>Any question or idea,<a href=\"https:\/\/radezain.ee\/en\/contact\/\">\u00a0contact me!<\/a><\/p>\n<div style=\"width: 1020px;\" class=\"wp-video\"><video class=\"wp-video-shortcode\" id=\"video-32043-1\" width=\"1020\" height=\"574\" preload=\"metadata\" controls=\"controls\"><source type=\"video\/mp4\" src=\"https:\/\/radezain.ee\/wp-content\/uploads\/2019\/01\/kuidas-m\u00f5\u00f5ta-k\u00e4ev\u00f5ru.mp4?_=1\" \/><a href=\"https:\/\/radezain.ee\/wp-content\/uploads\/2019\/01\/kuidas-m\u00f5\u00f5ta-k\u00e4ev\u00f5ru.mp4\">https:\/\/radezain.ee\/wp-content\/uploads\/2019\/01\/kuidas-m\u00f5\u00f5ta-k\u00e4ev\u00f5ru.mp4<\/a><\/video><\/div>\n\t\t<\/div>\n\t\t\t\t\t<\/div>\n\n\t\n<\/div>\n","protected":false},"excerpt":{"rendered":"","protected":false},"author":1,"featured_media":0,"parent":0,"menu_order":0,"comment_status":"closed","ping_status":"closed","template":"","meta":{"footnotes":""},"class_list":["post-32043","page","type-page","status-publish","hentry"],"jetpack_sharing_enabled":true,"_links":{"self":[{"href":"https:\/\/radezain.ee\/en\/wp-json\/wp\/v2\/pages\/32043","targetHints":{"allow":["GET"]}}],"collection":[{"href":"https:\/\/radezain.ee\/en\/wp-json\/wp\/v2\/pages"}],"about":[{"href":"https:\/\/radezain.ee\/en\/wp-json\/wp\/v2\/types\/page"}],"author":[{"embeddable":true,"href":"https:\/\/radezain.ee\/en\/wp-json\/wp\/v2\/users\/1"}],"replies":[{"embeddable":true,"href":"https:\/\/radezain.ee\/en\/wp-json\/wp\/v2\/comments?post=32043"}],"version-history":[{"count":3,"href":"https:\/\/radezain.ee\/en\/wp-json\/wp\/v2\/pages\/32043\/revisions"}],"predecessor-version":[{"id":52482,"href":"https:\/\/radezain.ee\/en\/wp-json\/wp\/v2\/pages\/32043\/revisions\/52482"}],"wp:attachment":[{"href":"https:\/\/radezain.ee\/en\/wp-json\/wp\/v2\/media?parent=32043"}],"curies":[{"name":"wp","href":"https:\/\/api.w.org\/{rel}","templated":true}]}}